{"id":131188,"date":"2023-10-26T13:31:09","date_gmt":"2023-10-26T11:31:09","guid":{"rendered":"https:\/\/fbiweb.vsb.cz\/fing\/?page_id=131188"},"modified":"2025-11-17T13:55:16","modified_gmt":"2025-11-17T12:55:16","slug":"vystupy","status":"publish","type":"page","link":"http:\/\/vrpropre.vsb.cz\/en\/vystupy\/","title":{"rendered":"V\u00fdstupy"},"content":{"rendered":"<div class=\"wpb-content-wrapper\"><div data-parent=\"true\" class=\"vc_row style-color-wayh-bg row-container has-dividers boomapps_vcrow\" id=\"row-unique-0\"><div class=\"row-background background-element\">\n\t\t\t\t\t\t\t\t\t\t\t<div class=\"background-wrapper\">\n\t\t\t\t\t\t\t\t\t\t\t\t<div class=\"background-inner\" style=\"background-repeat: no-repeat;background-position: center center;background-attachment: scroll;background-size: cover;\"><\/div>\n\t\t\t\t\t\t\t\t\t\t\t\t<div class=\"block-bg-overlay style-accent-bg\" style=\"opacity: 0.8;\"><\/div>\n\t\t\t\t\t\t\t\t\t\t\t<\/div>\n\t\t\t\t\t\t\t\t\t\t<\/div><div class=\"uncode-divider-wrap uncode-divider-wrap-bottom z_index_0\" style=\"height: 100%; opacity: 0.5\" data-height=\"100\" data-unit=\"%\"><svg version=\"1.1\" class=\"uncode-row-divider uncode-row-divider-gradient\" x=\"0px\" y=\"0px\" width=\"240px\" height=\"24px\" viewbox=\"0 0 240 24\" enable-background=\"new 0 0 240 24\" xml:space=\"preserve\" preserveaspectratio=\"none\">\n\t\t<lineargradient id=\"svg-gradient-177600\" gradientunits=\"userSpaceOnUse\" x1=\"119.9995\" y1=\"0\" x2=\"119.9995\" y2=\"24.0005\">\n\t\t\t<stop  offset=\"0\" style=\"stop-color:#171471;stop-opacity:0\"\/>\n\t\t\t<stop  offset=\"1\" style=\"stop-color:#171471\"\/>\n\t\t<\/lineargradient>\n\t\t<path fill=\"url(#svg-gradient-177600)\" d=\"M240,24V0H0v24H240z\"\/>\n\t\t<\/svg><\/div><div class=\"row triple-top-padding triple-bottom-padding single-h-padding limit-width row-parent\" data-height-ratio=\"25\"><div class=\"wpb_row row-inner\"><div class=\"wpb_column pos-bottom pos-center align_left column_parent col-lg-12 boomapps_vccolumn single-internal-gutter\"><div class=\"uncol style-dark\"  ><div class=\"uncoltable\"><div class=\"uncell  boomapps_vccolumn no-block-padding\" ><div class=\"uncont\" ><div class=\"vc_custom_heading_wrap\"><div class=\"heading-text el-text\" ><h1 class=\"font-846016 fontsize-210105 fontheight-179065\" ><span>V\u00fdstupy projektu<\/span><\/h1><\/div><div class=\"clear\"><\/div><\/div><\/div><\/div><\/div><\/div><\/div><script id=\"script-row-unique-0\" data-row=\"script-row-unique-0\" type=\"text\/javascript\" class=\"vc_controls\">UNCODE.initRow(document.getElementById(\"row-unique-0\"));<\/script><\/div><\/div><\/div><div data-parent=\"true\" class=\"vc_row style-color-xsdn-bg row-container boomapps_vcrow\" id=\"row-unique-1\"><div class=\"row double-top-padding double-bottom-padding single-h-padding limit-width row-parent\"><div class=\"wpb_row row-inner\"><div class=\"wpb_column pos-top pos-center align_left column_parent col-lg-12 boomapps_vccolumn quad-internal-gutter\"><div class=\"uncol style-light\"  ><div class=\"uncoltable\"><div class=\"uncell  boomapps_vccolumn no-block-padding\" ><div class=\"uncont\" ><div class=\"uncode-post-table single-gutter uncode-post-table-valign-middle tablet-stacked mobile-stacked uncode-post-table-hover uncode-post-table-hover-opacity-inverted\" >\n\t\t\t\t\t\t\t\t\t\t\t\t\t\t\t\t\t\t\t\t\t\t<div class=\"tmb tmb-table tmb-table-border tmb-table-border-below tmb-table-border-both tmb-click-row atc-typography-inherit tmb-iso-w4 tmb-iso-h4 tmb-light tmb-overlay-text-anim tmb-content-left tmb-content-last-right tmb-image-anim  grid-cat-96 tmb-id-131849 tmb-table-double-h-padding tmb-only-text tmb-content-under tmb-no-bg\" ><a href=\"http:\/\/vrpropre.vsb.cz\/en\/2025\/11\/12\/specializovany-softwarovy-nastroj-vytvoreny-pro-vr-headsety-sw-pro-stp\/\" class=\"table-click-row\" target=\"_self\" aria-label=\"Specializovan\u00fd softwarov\u00fd n\u00e1stroj vytvo\u0159en\u00fd pro VR headsety \u2013 SW \u2013 pro STP\"><\/a><div class=\"t-inside animate_when_almost_visible alpha-anim\" data-speed=\"1000\"><div class=\"t-inside-post-table t-entry-text\"><div class=\"uncode-post-table-column post-table-column-1 t-entry t-col-one col-lg-6\"><h3 class=\"t-entry-title h6 title-scale\"><a href=\"http:\/\/vrpropre.vsb.cz\/en\/2025\/11\/12\/specializovany-softwarovy-nastroj-vytvoreny-pro-vr-headsety-sw-pro-stp\/\" target=\"_self\">Specializovan\u00fd softwarov\u00fd n\u00e1stroj vytvo\u0159en\u00fd pro VR headsety \u2013 SW \u2013 pro STP<\/a><\/h3><\/div><div class=\"uncode-post-table-column post-table-column-2 t-entry t-col-two col-lg-4\"><p class=\"h6 title-scale t-entry-table-typography\"><span class=\"t-entry-table-category t-entry-tax\"><a class=\"\" href=\"http:\/\/vrpropre.vsb.cz\/en\/category\/r-software\/\">R - Software<\/a><\/span><\/p><\/div><div class=\"uncode-post-table-column post-table-column-3 t-entry t-col-four col-lg-2\"><p class=\"h6 title-scale t-entry-table-typography\"><a href=\"http:\/\/vrpropre.vsb.cz\/en\/2025\/11\/12\/specializovany-softwarovy-nastroj-vytvoreny-pro-vr-headsety-sw-pro-stp\/\" target=\"_self\">V\u00edce informac\u00ed<\/a><\/p><\/div><\/div><\/div><\/div><div class=\"tmb tmb-table tmb-table-border tmb-table-border-below tmb-table-border-both tmb-click-row atc-typography-inherit tmb-iso-w4 tmb-iso-h4 tmb-light tmb-overlay-text-anim tmb-content-left tmb-content-last-right tmb-image-anim  grid-cat-98 tmb-id-132053 tmb-table-double-h-padding tmb-only-text tmb-content-under tmb-no-bg\" ><a href=\"http:\/\/vrpropre.vsb.cz\/en\/2025\/11\/17\/databaze-3d-objektu\/\" class=\"table-click-row\" target=\"_self\" aria-label=\"Datab\u00e1ze 3D objekt\u016f\"><\/a><div class=\"t-inside animate_when_almost_visible alpha-anim\" data-speed=\"1000\"><div class=\"t-inside-post-table t-entry-text\"><div class=\"uncode-post-table-column post-table-column-1 t-entry t-col-one col-lg-6\"><h3 class=\"t-entry-title h6 title-scale\"><a href=\"http:\/\/vrpropre.vsb.cz\/en\/2025\/11\/17\/databaze-3d-objektu\/\" target=\"_self\">Datab\u00e1ze 3D objekt\u016f<\/a><\/h3><\/div><div class=\"uncode-post-table-column post-table-column-2 t-entry t-col-two col-lg-4\"><p class=\"h6 title-scale t-entry-table-typography\"><span class=\"t-entry-table-category t-entry-tax\"><a class=\"\" href=\"http:\/\/vrpropre.vsb.cz\/en\/category\/s-specializovana-verejna-databaze\/\">S - Specializovan\u00e1 ve\u0159ejn\u00e1 datab\u00e1ze<\/a><\/span><\/p><\/div><div class=\"uncode-post-table-column post-table-column-3 t-entry t-col-four col-lg-2\"><p class=\"h6 title-scale t-entry-table-typography\"><a href=\"http:\/\/vrpropre.vsb.cz\/en\/2025\/11\/17\/databaze-3d-objektu\/\" target=\"_self\">V\u00edce informac\u00ed<\/a><\/p><\/div><\/div><\/div><\/div><div class=\"tmb tmb-table tmb-table-border tmb-table-border-below tmb-table-border-both tmb-click-row atc-typography-inherit tmb-iso-w4 tmb-iso-h4 tmb-light tmb-overlay-text-anim tmb-content-left tmb-content-last-right tmb-image-anim  grid-cat-96 tmb-id-131980 tmb-table-double-h-padding tmb-only-text tmb-content-under tmb-no-bg\" ><a href=\"http:\/\/vrpropre.vsb.cz\/en\/2025\/11\/14\/specializovany-softwarovy-nastroj-vytvoreny-pro-vr-headsety-sw-pro-kc\/\" class=\"table-click-row\" target=\"_self\" aria-label=\"Specializovan\u00fd softwarov\u00fd n\u00e1stroj vytvo\u0159en\u00fd pro VR headsety \u2013 SW \u2013 pro K\u010c\"><\/a><div class=\"t-inside animate_when_almost_visible alpha-anim\" data-speed=\"1000\"><div class=\"t-inside-post-table t-entry-text\"><div class=\"uncode-post-table-column post-table-column-1 t-entry t-col-one col-lg-6\"><h3 class=\"t-entry-title h6 title-scale\"><a href=\"http:\/\/vrpropre.vsb.cz\/en\/2025\/11\/14\/specializovany-softwarovy-nastroj-vytvoreny-pro-vr-headsety-sw-pro-kc\/\" target=\"_self\">Specializovan\u00fd softwarov\u00fd n\u00e1stroj vytvo\u0159en\u00fd pro VR headsety \u2013 SW \u2013 pro K\u010c<\/a><\/h3><\/div><div class=\"uncode-post-table-column post-table-column-2 t-entry t-col-two col-lg-4\"><p class=\"h6 title-scale t-entry-table-typography\"><span class=\"t-entry-table-category t-entry-tax\"><a class=\"\" href=\"http:\/\/vrpropre.vsb.cz\/en\/category\/r-software\/\">R - Software<\/a><\/span><\/p><\/div><div class=\"uncode-post-table-column post-table-column-3 t-entry t-col-four col-lg-2\"><p class=\"h6 title-scale t-entry-table-typography\"><a href=\"http:\/\/vrpropre.vsb.cz\/en\/2025\/11\/14\/specializovany-softwarovy-nastroj-vytvoreny-pro-vr-headsety-sw-pro-kc\/\" target=\"_self\">V\u00edce informac\u00ed<\/a><\/p><\/div><\/div><\/div><\/div><div class=\"tmb tmb-table tmb-table-border tmb-table-border-below tmb-table-border-both tmb-click-row atc-typography-inherit tmb-iso-w4 tmb-iso-h4 tmb-light tmb-overlay-text-anim tmb-content-left tmb-content-last-right tmb-image-anim  grid-cat-96 tmb-id-131982 tmb-table-double-h-padding tmb-only-text tmb-content-under tmb-no-bg\" ><a href=\"http:\/\/vrpropre.vsb.cz\/en\/2025\/11\/14\/specializovany-softwarovy-nastroj-vytvoreny-pro-vr-headsety-sw-pro-zpvp\/\" class=\"table-click-row\" target=\"_self\" aria-label=\"Specializovan\u00fd softwarov\u00fd n\u00e1stroj vytvo\u0159en\u00fd pro VR headsety \u2013 SW \u2013 pro ZPVP\"><\/a><div class=\"t-inside animate_when_almost_visible alpha-anim\" data-speed=\"1000\"><div class=\"t-inside-post-table t-entry-text\"><div class=\"uncode-post-table-column post-table-column-1 t-entry t-col-one col-lg-6\"><h3 class=\"t-entry-title h6 title-scale\"><a href=\"http:\/\/vrpropre.vsb.cz\/en\/2025\/11\/14\/specializovany-softwarovy-nastroj-vytvoreny-pro-vr-headsety-sw-pro-zpvp\/\" target=\"_self\">Specializovan\u00fd softwarov\u00fd n\u00e1stroj vytvo\u0159en\u00fd pro VR headsety \u2013 SW \u2013 pro ZPVP<\/a><\/h3><\/div><div class=\"uncode-post-table-column post-table-column-2 t-entry t-col-two col-lg-4\"><p class=\"h6 title-scale t-entry-table-typography\"><span class=\"t-entry-table-category t-entry-tax\"><a class=\"\" href=\"http:\/\/vrpropre.vsb.cz\/en\/category\/r-software\/\">R - Software<\/a><\/span><\/p><\/div><div class=\"uncode-post-table-column post-table-column-3 t-entry t-col-four col-lg-2\"><p class=\"h6 title-scale t-entry-table-typography\"><a href=\"http:\/\/vrpropre.vsb.cz\/en\/2025\/11\/14\/specializovany-softwarovy-nastroj-vytvoreny-pro-vr-headsety-sw-pro-zpvp\/\" target=\"_self\">V\u00edce informac\u00ed<\/a><\/p><\/div><\/div><\/div><\/div>\t\t\t\n\t\n\n\t\t\t\t\t<\/div>\n<\/div><\/div><\/div><\/div><\/div><script id=\"script-row-unique-1\" data-row=\"script-row-unique-1\" type=\"text\/javascript\" class=\"vc_controls\">UNCODE.initRow(document.getElementById(\"row-unique-1\"));<\/script><\/div><\/div><\/div><div data-parent=\"true\" class=\"vc_row row-container boomapps_vcrow\" id=\"row-unique-2\"><div class=\"row limit-width row-parent\"><div class=\"wpb_row row-inner\"><div class=\"wpb_column pos-top pos-center align_left column_parent col-lg-12 boomapps_vccolumn single-internal-gutter\"><div class=\"uncol style-light\"  ><div class=\"uncoltable\"><div class=\"uncell  boomapps_vccolumn no-block-padding\" ><div class=\"uncont\" ><div class=\"vc_custom_heading_wrap\"><div class=\"heading-text el-text\" ><h2 class=\"h2\" ><span>Dal\u0161\u00ed v\u00fdstupy projektu<\/span><\/h2><\/div><div class=\"clear\"><\/div><\/div><div class=\"vc_row row-internal row-container boomapps_vcrow\"><div class=\"row row-child\"><div class=\"wpb_row row-inner\"><div class=\"wpb_column pos-top pos-center align_left column_child col-lg-12 boomapps_vccolumn single-internal-gutter\"><div class=\"uncol style-light\" ><div class=\"uncoltable\"><div class=\"uncell  boomapps_vccolumn no-block-padding\" ><div class=\"uncont\" ><div class=\"uncode_text_column\" ><\/p>\n<h3>J \u2013 recenzovan\u00fd odborn\u00fd \u010dl\u00e1nek<\/h3>\n<p>\n<\/div><div class=\"uncode-wrapper uncode-list\" >\n<ul class=\"icons\">\n<li><i class=\"fa fa-file-o\"><\/i><a href=\"http:\/\/vrpropre.vsb.cz\/wp-content\/uploads\/2025\/11\/clanek-sustainability-17-05570.pdf\" target=\"_blank\" rel=\"noopener\">A Comparative Analysis of OSH Training: Evaluating Traditional Methods Versus Interactive and Virtual Reality Approaches in the Context of Sustainability<\/a><\/li>\n<\/ul>\n<\/div><div class=\"uncode_text_column\" ><\/p>\n<h3>D \u2013 sta\u0165 ve sborn\u00edku<\/h3>\n<p>\n<\/div><div class=\"uncode_text_column\" ><\/p>\n<h3>V \u2013 v\u00fdzkumn\u00e1 zpr\u00e1va<\/h3>\n<p>Souhrnn\u00e1 v\u00fdzkumn\u00e1 zpr\u00e1va p\u0159edstavuje komplexn\u00ed materi\u00e1l k \u0159e\u0161en\u00e9 problematice vyu\u017eit\u00ed VR p\u0159i vzd\u011bl\u00e1v\u00e1n\u00ed p\u0159\u00edslu\u0161n\u00edku HZS \u010cR zaji\u0161\u0165uj\u00edc\u00ed v\u00fdkon st\u00e1tn\u00edho po\u017e\u00e1rn\u00edho dozoru. Budou pops\u00e1ny hlavn\u00ed omezen\u00ed vyu\u017e\u00edvan\u00fdch on-line n\u00e1stroj\u016f s jasn\u00fdm vymezen\u00edm vhodnosti digit\u00e1ln\u00edch n\u00e1stroj\u016f ke konkr\u00e9tn\u00edm \u010d\u00e1stem v\u00fdukov\u00fdch program\u016f. P\u0159\u00edlohou bude vytvo\u0159en\u00fd p\u0159ehled v\u0161ech \u010dinnost\u00ed v r\u00e1mci projektu a zpr\u00e1vy s jednotliv\u00fdch let \u0159e\u0161en\u00ed obsahuj\u00edc\u00ed postupy, metodologie, techniky z \u0159e\u0161en\u00fdch kl\u00ed\u010dov\u00fdch aktivit.<\/p>\n<\/div><\/div><\/div><\/div><\/div><\/div><\/div><\/div><\/div><\/div><\/div><\/div><\/div><\/div><script id=\"script-row-unique-2\" data-row=\"script-row-unique-2\" type=\"text\/javascript\" class=\"vc_controls\">UNCODE.initRow(document.getElementById(\"row-unique-2\"));<\/script><\/div><\/div><\/div>\n<\/div>","protected":false},"excerpt":{"rendered":"ID v\u00fdsledkuVK01020086-V4 N\u00e1zevSpecializovan\u00fd softwarov\u00fd n\u00e1stroj vytvo\u0159en\u00fd pro VR headsety \u2013 SW \u2013 pro ZPVP DruhR &#8211; Software PopisUmoz\u030cn\u0131\u0301 vyuz\u030cit\u0131\u0301 vytvor\u030ceny\u0301ch [...]","protected":false},"author":1,"featured_media":0,"parent":0,"menu_order":0,"comment_status":"closed","ping_status":"closed","template":"","meta":{"footnotes":""},"class_list":["post-131188","page","type-page","status-publish","hentry"],"_links":{"self":[{"href":"http:\/\/vrpropre.vsb.cz\/en\/wp-json\/wp\/v2\/pages\/131188","targetHints":{"allow":["GET"]}}],"collection":[{"href":"http:\/\/vrpropre.vsb.cz\/en\/wp-json\/wp\/v2\/pages"}],"about":[{"href":"http:\/\/vrpropre.vsb.cz\/en\/wp-json\/wp\/v2\/types\/page"}],"author":[{"embeddable":true,"href":"http:\/\/vrpropre.vsb.cz\/en\/wp-json\/wp\/v2\/users\/1"}],"replies":[{"embeddable":true,"href":"http:\/\/vrpropre.vsb.cz\/en\/wp-json\/wp\/v2\/comments?post=131188"}],"version-history":[{"count":80,"href":"http:\/\/vrpropre.vsb.cz\/en\/wp-json\/wp\/v2\/pages\/131188\/revisions"}],"predecessor-version":[{"id":132076,"href":"http:\/\/vrpropre.vsb.cz\/en\/wp-json\/wp\/v2\/pages\/131188\/revisions\/132076"}],"wp:attachment":[{"href":"http:\/\/vrpropre.vsb.cz\/en\/wp-json\/wp\/v2\/media?parent=131188"}],"curies":[{"name":"wp","href":"https:\/\/api.w.org\/{rel}","templated":true}]}}