{"id":131237,"date":"2023-10-29T13:15:56","date_gmt":"2023-10-29T12:15:56","guid":{"rendered":"https:\/\/fbiweb.vsb.cz\/fing\/?page_id=131237"},"modified":"2025-11-17T11:58:46","modified_gmt":"2025-11-17T10:58:46","slug":"resitelsky-tym","status":"publish","type":"page","link":"http:\/\/vrpropre.vsb.cz\/en\/resitelsky-tym\/","title":{"rendered":"\u0158e\u0161itelsk\u00fd t\u00fdm"},"content":{"rendered":"<div class=\"wpb-content-wrapper\"><div data-parent=\"true\" class=\"vc_row style-color-wayh-bg row-container has-dividers boomapps_vcrow\" id=\"row-unique-0\"><div class=\"row-background background-element\">\n\t\t\t\t\t\t\t\t\t\t\t<div class=\"background-wrapper\">\n\t\t\t\t\t\t\t\t\t\t\t\t<div class=\"background-inner\" style=\"background-repeat: no-repeat;background-position: center center;background-attachment: scroll;background-size: cover;\"><\/div>\n\t\t\t\t\t\t\t\t\t\t\t\t<div class=\"block-bg-overlay style-accent-bg\" style=\"opacity: 0.8;\"><\/div>\n\t\t\t\t\t\t\t\t\t\t\t<\/div>\n\t\t\t\t\t\t\t\t\t\t<\/div><div class=\"uncode-divider-wrap uncode-divider-wrap-bottom z_index_0\" style=\"height: 100%; opacity: 0.5\" data-height=\"100\" data-unit=\"%\"><svg version=\"1.1\" class=\"uncode-row-divider uncode-row-divider-gradient\" x=\"0px\" y=\"0px\" width=\"240px\" height=\"24px\" viewbox=\"0 0 240 24\" enable-background=\"new 0 0 240 24\" xml:space=\"preserve\" preserveaspectratio=\"none\">\n\t\t<lineargradient id=\"svg-gradient-155401\" gradientunits=\"userSpaceOnUse\" x1=\"119.9995\" y1=\"0\" x2=\"119.9995\" y2=\"24.0005\">\n\t\t\t<stop  offset=\"0\" style=\"stop-color:#171471;stop-opacity:0\"\/>\n\t\t\t<stop  offset=\"1\" style=\"stop-color:#171471\"\/>\n\t\t<\/lineargradient>\n\t\t<path fill=\"url(#svg-gradient-155401)\" d=\"M240,24V0H0v24H240z\"\/>\n\t\t<\/svg><\/div><div class=\"row triple-top-padding triple-bottom-padding single-h-padding limit-width row-parent\" data-height-ratio=\"25\"><div class=\"wpb_row row-inner\"><div class=\"wpb_column pos-bottom pos-center align_left column_parent col-lg-12 boomapps_vccolumn single-internal-gutter\"><div class=\"uncol style-dark\"  ><div class=\"uncoltable\"><div class=\"uncell  boomapps_vccolumn no-block-padding\" ><div class=\"uncont\" ><div class=\"vc_custom_heading_wrap\"><div class=\"heading-text el-text\" ><h1 class=\"font-846016 fontsize-210105 fontheight-179065\" ><span>\u0158e\u0161itelsk\u00fd t\u00fdm<\/span><\/h1><\/div><div class=\"clear\"><\/div><\/div><\/div><\/div><\/div><\/div><\/div><script id=\"script-row-unique-0\" data-row=\"script-row-unique-0\" type=\"text\/javascript\" class=\"vc_controls\">UNCODE.initRow(document.getElementById(\"row-unique-0\"));<\/script><\/div><\/div><\/div><div data-parent=\"true\" class=\"vc_row row-container boomapps_vcrow\" id=\"row-unique-1\"><div class=\"row double-top-padding single-bottom-padding single-h-padding limit-width row-parent\"><div class=\"wpb_row row-inner\"><div class=\"wpb_column pos-top pos-center align_left column_parent col-lg-4 boomapps_vccolumn single-internal-gutter\"><div class=\"uncol style-light\"  ><div class=\"uncoltable\"><div class=\"uncell  boomapps_vccolumn no-block-padding\" ><div class=\"uncont\" ><div class=\"uncode-single-media  text-left\"><div class=\"single-wrapper\" style=\"max-width: 334px;\"><div class=\"uncode-single-media-wrapper single-advanced\"><div class=\"tmb tmb-light tmb-content-left  tmb-content-under tmb-media-last tmb-no-bg\" ><div class=\"t-inside\" ><div class=\"t-entry-visual\"><div class=\"t-entry-visual-tc\"><div class=\"t-entry-visual-cont\"><div class=\"t-entry-visual-overlay\"><div class=\"t-entry-visual-overlay-in style-dark-bg\" style=\"opacity: 0.5;\"><\/div><\/div><div class=\"fluid-svg\"><span id=\"icon-316950\" style=\"width:px\" class=\"icon-media\"><img decoding=\"async\" src=\"http:\/\/vrpropre.vsb.cz\/wp-content\/uploads\/2025\/11\/vsb-fbi-logo.svg\" alt=\"\" \/><\/span><\/div><\/div>\n\t\t\t\t\t<\/div>\n\t\t\t\t<\/div><\/div><\/div><\/div><\/div><\/div><div class=\"uncode-wrapper uncode-list\" >\n<ul class=\"icons\">\n<li><i class=\"fa fa-user text-accent-color\"><\/i>Sandra Tesa\u0159ov\u00e1<\/li>\n<li><i class=\"fa fa-user text-accent-color\"><\/i>Lep\u00edk Petr<\/li>\n<li><i class=\"fa fa-user text-accent-color\"><\/i>Marek Smetana<\/li>\n<li><i class=\"fa fa-user text-accent-color\"><\/i>Ham\u0159\u00edkov\u00e1 \u0160arlota<\/li>\n<li><i class=\"fa fa-user text-accent-color\"><\/i>Pokorn\u00fd Ji\u0159\u00ed<\/li>\n<li><i class=\"fa fa-user text-accent-color\"><\/i>Martin\u00edkov\u00e1 Barbora<\/li>\n<\/ul>\n<\/div><\/div><\/div><\/div><\/div><\/div><div class=\"wpb_column pos-top pos-center align_left column_parent col-lg-4 boomapps_vccolumn single-internal-gutter\"><div class=\"uncol style-light\"  ><div class=\"uncoltable\"><div class=\"uncell  boomapps_vccolumn no-block-padding\" ><div class=\"uncont\" ><div class=\"uncode-single-media  text-left\"><div class=\"single-wrapper\" style=\"max-width: 269px;\"><div class=\"tmb tmb-light  tmb-media-first tmb-media-last tmb-content-overlay tmb-no-bg\"><div class=\"t-inside\"><div class=\"t-entry-visual\"><div class=\"t-entry-visual-tc\"><div class=\"uncode-single-media-wrapper\"><img decoding=\"async\" class=\"wp-image-131896\" src=\"http:\/\/vrpropre.vsb.cz\/wp-content\/uploads\/2025\/11\/cpbs-logo.png\" width=\"280\" height=\"60\" alt=\"\" srcset=\"http:\/\/vrpropre.vsb.cz\/wp-content\/uploads\/2025\/11\/cpbs-logo.png 280w, http:\/\/vrpropre.vsb.cz\/wp-content\/uploads\/2025\/11\/cpbs-logo-18x4.png 18w\" sizes=\"(max-width: 280px) 100vw, 280px\" \/><\/div>\n\t\t\t\t\t<\/div>\n\t\t\t\t<\/div><\/div><\/div><\/div><\/div><div class=\"uncode-wrapper uncode-list\" >\n<ul class=\"icons\">\n<li><i class=\"fa fa-user text-accent-color\"><\/i>Zden\u011bk Rathausk\u00fd<\/li>\n<li><i class=\"fa fa-user text-accent-color\"><\/i>Do\u010dekal Jan<\/li>\n<\/ul>\n<\/div><\/div><\/div><\/div><\/div><\/div><div class=\"wpb_column pos-top pos-center align_left column_parent col-lg-4 boomapps_vccolumn single-internal-gutter\"><div class=\"uncol style-light\"  ><div class=\"uncoltable\"><div class=\"uncell  boomapps_vccolumn no-block-padding\" ><div class=\"uncont\" ><div class=\"uncode-single-media  text-left\"><div class=\"single-wrapper\" style=\"max-width: 269px;\"><div class=\"tmb tmb-light  tmb-media-first tmb-media-last tmb-content-overlay tmb-no-bg\"><div class=\"t-inside\"><div class=\"t-entry-visual\"><div class=\"t-entry-visual-tc\"><div class=\"uncode-single-media-wrapper\"><img decoding=\"async\" class=\"wp-image-131895\" src=\"http:\/\/vrpropre.vsb.cz\/wp-content\/uploads\/2025\/11\/ioo-logo.png\" width=\"269\" height=\"70\" alt=\"\" srcset=\"http:\/\/vrpropre.vsb.cz\/wp-content\/uploads\/2025\/11\/ioo-logo.png 269w, http:\/\/vrpropre.vsb.cz\/wp-content\/uploads\/2025\/11\/ioo-logo-18x5.png 18w\" sizes=\"(max-width: 269px) 100vw, 269px\" \/><\/div>\n\t\t\t\t\t<\/div>\n\t\t\t\t<\/div><\/div><\/div><\/div><\/div><div class=\"uncode-wrapper uncode-list\" >\n<ul class=\"icons\">\n<li><i class=\"fa fa-user text-accent-color\"><\/i>Franti\u0161ek Paulus<\/li>\n<li><i class=\"fa fa-user text-accent-color\"><\/i>Cee Dalibor<\/li>\n<li><i class=\"fa fa-user text-accent-color\"><\/i>Dobrovoln\u00fd Martin<\/li>\n<li><i class=\"fa fa-user text-accent-color\"><\/i>Studni\u010dka Tom\u00e1\u0161<\/li>\n<\/ul>\n<\/div><\/div><\/div><\/div><\/div><\/div><script id=\"script-row-unique-1\" data-row=\"script-row-unique-1\" type=\"text\/javascript\" class=\"vc_controls\">UNCODE.initRow(document.getElementById(\"row-unique-1\"));<\/script><\/div><\/div><\/div>\n<\/div>","protected":false},"excerpt":{"rendered":"\u0158e\u0161itelsk\u00fd t\u00fdm Sandra Tesa\u0159ov\u00e1 Lep\u00edk Petr Marek Smetana Ham\u0159\u00edkov\u00e1 \u0160arlota Pokorn\u00fd Ji\u0159\u00ed Martin\u00edkov\u00e1 Barbora Zden\u011bk Rathausk\u00fd Do\u010dekal Jan Franti\u0161ek Paulus [...]","protected":false},"author":1,"featured_media":0,"parent":0,"menu_order":0,"comment_status":"open","ping_status":"closed","template":"","meta":{"footnotes":""},"class_list":["post-131237","page","type-page","status-publish","hentry"],"_links":{"self":[{"href":"http:\/\/vrpropre.vsb.cz\/en\/wp-json\/wp\/v2\/pages\/131237","targetHints":{"allow":["GET"]}}],"collection":[{"href":"http:\/\/vrpropre.vsb.cz\/en\/wp-json\/wp\/v2\/pages"}],"about":[{"href":"http:\/\/vrpropre.vsb.cz\/en\/wp-json\/wp\/v2\/types\/page"}],"author":[{"embeddable":true,"href":"http:\/\/vrpropre.vsb.cz\/en\/wp-json\/wp\/v2\/users\/1"}],"replies":[{"embeddable":true,"href":"http:\/\/vrpropre.vsb.cz\/en\/wp-json\/wp\/v2\/comments?post=131237"}],"version-history":[{"count":21,"href":"http:\/\/vrpropre.vsb.cz\/en\/wp-json\/wp\/v2\/pages\/131237\/revisions"}],"predecessor-version":[{"id":132042,"href":"http:\/\/vrpropre.vsb.cz\/en\/wp-json\/wp\/v2\/pages\/131237\/revisions\/132042"}],"wp:attachment":[{"href":"http:\/\/vrpropre.vsb.cz\/en\/wp-json\/wp\/v2\/media?parent=131237"}],"curies":[{"name":"wp","href":"https:\/\/api.w.org\/{rel}","templated":true}]}}