{"id":19884,"date":"2015-05-28T11:30:14","date_gmt":"2015-05-28T09:30:14","guid":{"rendered":"https:\/\/undsgn.com\/uncode\/?page_id=19884"},"modified":"2025-11-14T16:11:54","modified_gmt":"2025-11-14T15:11:54","slug":"o-projektu","status":"publish","type":"page","link":"http:\/\/vrpropre.vsb.cz\/en\/","title":{"rendered":"About the project"},"content":{"rendered":"<div class=\"wpb-content-wrapper\"><div data-parent=\"true\" class=\"vc_row style-color-wayh-bg row-container boomapps_vcrow\" id=\"row-unique-0\"><div class=\"row-background background-element\">\n\t\t\t\t\t\t\t\t\t\t\t<div class=\"background-wrapper\">\n\t\t\t\t\t\t\t\t\t\t\t\t<div class=\"background-inner\" style=\"background-image: url(http:\/\/vrpropre.vsb.cz\/wp-content\/uploads\/2025\/11\/vrpropre-7_1920x1080.jpg);background-repeat: no-repeat;background-position: center bottom;background-attachment: scroll;background-size: cover;\"><\/div>\n\t\t\t\t\t\t\t\t\t\t\t\t<div class=\"block-bg-overlay style-color-wayh-bg\" style=\"opacity: 0.15;\"><\/div>\n\t\t\t\t\t\t\t\t\t\t\t<\/div>\n\t\t\t\t\t\t\t\t\t\t<\/div><div class=\"row double-top-padding triple-bottom-padding triple-h-padding full-width row-parent\" data-height-ratio=\"full\"><div class=\"wpb_row row-inner\"><div class=\"wpb_column pos-bottom pos-center align_left column_parent col-lg-12 boomapps_vccolumn double-internal-gutter\"><div class=\"uncol style-dark animate_when_almost_visible alpha-anim\"  data-speed=\"1000\"><div class=\"uncoltable\"><div class=\"uncell  boomapps_vccolumn no-block-padding\" ><div class=\"uncont\" ><div class=\"vc_row row-internal row-container boomapps_vcrow\"><div class=\"row unequal col-double-gutter row-child\"><div class=\"wpb_row row-inner\"><div class=\"wpb_column pos-bottom pos-center align_left column_child col-lg-8 boomapps_vccolumn quad-internal-gutter\"><div class=\"uncol style-dark\" ><div class=\"uncoltable\"><div class=\"uncell  boomapps_vccolumn no-block-padding\" ><div class=\"uncont\" ><div class=\"vc_custom_heading_wrap\"><div class=\"heading-text el-text\" ><h1 class=\"custom fontsize-164452-custom\" ><span>Zvy\u0161ov\u00e1n\u00ed efektivity vzd\u011bl\u00e1v\u00e1n\u00ed p\u0159\u00edslu\u0161n\u00edk\u016f HZS \u010cR v oblasti po\u017e\u00e1rn\u00ed prevence s vyu\u017eit\u00edm digit\u00e1ln\u00edch n\u00e1stroj\u016f<\/span><\/h1><\/div><div class=\"clear\"><\/div><\/div><\/div><\/div><\/div><\/div><\/div><div class=\"wpb_column pos-bottom pos-center align_right align_left_tablet align_left_mobile column_child col-lg-4 boomapps_vccolumn mobile-hidden single-internal-gutter\"><div class=\"uncol style-dark\" ><div class=\"uncoltable\"><div class=\"uncell  boomapps_vccolumn no-block-padding\" ><div class=\"uncont\" ><div class=\"animate_when_almost_visible bottom-t-top icon-box icon-box-top\" data-delay=\"800\" data-speed=\"600\"><div class=\"icon-box-icon fa-container\" style=\"margin-bottom: 0px;\"><a role=\"button\" href=\"#anotace\" class=\"fa fa-stack fa-2x btn-default fa-rounded btn-outline custom-link\"><i class=\"fa fa-arrow-down2\"><\/i><\/a><\/div><\/div><\/div><\/div><\/div><\/div><\/div><\/div><\/div><\/div><\/div><\/div><\/div><\/div><\/div><script id=\"script-row-unique-0\" data-row=\"script-row-unique-0\" type=\"text\/javascript\" class=\"vc_controls\">UNCODE.initRow(document.getElementById(\"row-unique-0\"));<\/script><\/div><\/div><\/div><div data-parent=\"true\" class=\"vc_row parallax-move row-container onepage-section boomapps_vcrow\"data-parallax-move=\"1\" data-parallax-safe=\"yes\" data-label=\"Anotace\" data-name=\"anotace\" id=\"row-unique-1\"><div class=\"row quad-top-padding quad-bottom-padding single-h-padding limit-width row-parent\"><div class=\"wpb_row row-inner\"><div class=\"wpb_column pos-top pos-center align_left column_parent col-lg-12 boomapps_vccolumn single-internal-gutter\"><div class=\"uncol style-light\"  ><div class=\"uncoltable\"><div class=\"uncell  boomapps_vccolumn no-block-padding\" ><div class=\"uncont\" ><div class=\"vc_row row-internal row-container boomapps_vcrow\"><div class=\"row unequal col-triple-gutter row-child\"><div class=\"wpb_row row-inner\"><div class=\"wpb_column pos-middle pos-center align_left column_child col-lg-6 boomapps_vccolumn single-internal-gutter\"><div class=\"uncol style-light\" ><div class=\"uncoltable\"><div class=\"uncell  boomapps_vccolumn no-block-padding\" ><div class=\"uncont\" ><div class=\"uncode-single-media  text-center\"><div class=\"single-wrapper\" style=\"max-width: 70%;\"><div class=\"tmb tmb-light  tmb-media-first tmb-media-last tmb-content-overlay tmb-no-bg\"><div class=\"t-inside\"><div class=\"t-entry-visual\"><div class=\"t-entry-visual-tc\"><div class=\"uncode-single-media-wrapper\"><img decoding=\"async\" class=\"wp-image-131939\" src=\"http:\/\/vrpropre.vsb.cz\/wp-content\/uploads\/2025\/11\/vrpropre_mask.jpg\" width=\"588\" height=\"551\" alt=\"\" srcset=\"http:\/\/vrpropre.vsb.cz\/wp-content\/uploads\/2025\/11\/vrpropre_mask.jpg 588w, http:\/\/vrpropre.vsb.cz\/wp-content\/uploads\/2025\/11\/vrpropre_mask-300x281.jpg 300w, http:\/\/vrpropre.vsb.cz\/wp-content\/uploads\/2025\/11\/vrpropre_mask-13x12.jpg 13w, http:\/\/vrpropre.vsb.cz\/wp-content\/uploads\/2025\/11\/vrpropre_mask-350x328.jpg 350w\" sizes=\"(max-width: 588px) 100vw, 588px\" \/><\/div>\n\t\t\t\t\t<\/div>\n\t\t\t\t<\/div><\/div><\/div><\/div><\/div><\/div><\/div><\/div><\/div><\/div><div class=\"wpb_column pos-middle pos-center align_left column_child col-lg-6 boomapps_vccolumn single-internal-gutter\"><div class=\"uncol style-light\" ><div class=\"uncoltable\"><div class=\"uncell  boomapps_vccolumn no-block-padding\" ><div class=\"uncont\" ><div class=\"vc_custom_heading_wrap\"><div class=\"heading-text el-text\" ><h3 class=\"h1\" ><span>Annotation<\/span><\/h3><\/div><div class=\"clear\"><\/div><\/div><div class=\"uncode_text_column\" ><p>Projekt vych\u00e1z\u00ed z pot\u0159eby inovace a roz\u0161\u00ed\u0159en\u00ed mo\u017enosti vzd\u011bl\u00e1v\u00e1n\u00ed p\u0159\u00edslu\u0161n\u00edku HZS \u010cR v oblasti po\u017e\u00e1rn\u00ed prevence s vyu\u017eit\u00edm modern\u00edch digit\u00e1ln\u00edch n\u00e1stroj\u016f. Zv\u00fd\u0161en\u00ed efektivity vzd\u011bl\u00e1v\u00e1n\u00ed bude dosa\u017eeno skrze uplatn\u011bn\u00ed technologi\u00ed virtu\u00e1ln\u00ed reality (VR). C\u00edlem projektu je vytvo\u0159en\u00ed prost\u0159ed\u00ed VR a v\u00fdukov\u00fdch sc\u00e9n\u00e1\u0159\u016f vyu\u017eiteln\u00fdch v r\u00e1mci odborn\u00e9 p\u0159\u00edpravy p\u0159\u00edslu\u0161n\u00edk\u016f prevence HZS \u010cR. V\u00fdukov\u00e9 sc\u00e9n\u00e1\u0159e budou zahrnovat n\u00e1stroje pro zji\u0161\u0165ov\u00e1n\u00ed p\u0159\u00ed\u010din vzniku po\u017e\u00e1ru, kontroln\u00ed \u010dinnost a stavebn\u011b technickou prevenci. Nov\u00fd zp\u016fsob odborn\u00e9 p\u0159\u00edpravy ji\u017e tedy nebude muset b\u00fdt nutn\u011b realizov\u00e1n pouze v r\u00e1mci vzd\u011bl\u00e1vac\u00edch za\u0159\u00edzen\u00ed, ale \u00fa\u010dastn\u00edci ho budou moci absolvovat p\u0159\u00edmo ze sv\u00e9ho pracovi\u0161t\u011b nebo domova.<\/p>\n<\/div><\/div><\/div><\/div><\/div><\/div><\/div><\/div><\/div><\/div><\/div><\/div><\/div><\/div><script id=\"script-row-unique-1\" data-row=\"script-row-unique-1\" type=\"text\/javascript\" class=\"vc_controls\">UNCODE.initRow(document.getElementById(\"row-unique-1\"));<\/script><\/div><\/div><\/div><div data-parent=\"true\" class=\"vc_row style-color-lxmt-bg row-container onepage-section boomapps_vcrow\" data-label=\"Popis c\u00edl\u016f\" data-name=\"popis-cilu\" id=\"row-unique-2\"><div class=\"row quad-top-padding quad-bottom-padding single-h-padding limit-width row-parent\"><div class=\"wpb_row row-inner\"><div class=\"wpb_column pos-top pos-center align_left column_parent col-lg-12 boomapps_vccolumn single-internal-gutter\"><div class=\"uncol style-light\"  ><div class=\"uncoltable\"><div class=\"uncell  boomapps_vccolumn no-block-padding\" ><div class=\"uncont\" ><div class=\"vc_row row-internal row-container boomapps_vcrow\"><div class=\"row unequal col-triple-gutter row-child\"><div class=\"wpb_row row-inner\"><div class=\"wpb_column pos-top pos-center align_left column_child col-lg-6 boomapps_vccolumn single-internal-gutter\"><div class=\"uncol style-light\" ><div class=\"uncoltable\"><div class=\"uncell  boomapps_vccolumn no-block-padding\" ><div class=\"uncont\" ><div class=\"vc_custom_heading_wrap\"><div class=\"heading-text el-text\" ><h3 class=\"h1\" ><span>Popis c\u00edl\u016f n\u00e1vrhu projektu<\/span><\/h3><\/div><div class=\"clear\"><\/div><\/div><\/div><\/div><\/div><\/div><\/div><div class=\"wpb_column pos-top pos-center align_left column_child col-lg-6 boomapps_vccolumn tablet-hidden mobile-hidden single-internal-gutter\"><div class=\"uncol style-light\" ><div class=\"uncoltable\"><div class=\"uncell  boomapps_vccolumn no-block-padding\" ><div class=\"uncont\" ><\/div><\/div><\/div><\/div><\/div><\/div><\/div><\/div><div class=\"vc_row row-internal row-container boomapps_vcrow\"><div class=\"row unequal col-triple-gutter row-child\"><div class=\"wpb_row row-inner\"><div class=\"wpb_column pos-top pos-center align_left column_child col-lg-6 boomapps_vccolumn single-internal-gutter\"><div class=\"uncol style-light\" ><div class=\"uncoltable\"><div class=\"uncell  boomapps_vccolumn no-block-padding\" ><div class=\"uncont\" ><div class=\"uncode_text_column\" ><\/p>\n<p align=\"justify\">Hlavn\u00edm c\u00edlem projektu je vytvo\u0159en\u00ed prost\u0159ed\u00ed VR a v\u00fdukov\u00fdch sc\u00e9n\u00e1\u0159\u016f vyu\u017eiteln\u00fdch v r\u00e1mci odborn\u00e9 p\u0159\u00edpravy p\u0159\u00edslu\u0161n\u00edk\u016f prevence HZS \u010cR. Hlavn\u00ed c\u00edl je dekomponov\u00e1n na c\u00edle d\u00edl\u010d\u00ed, kter\u00fdmi jsou:<\/p>\n<p>\n<\/div><div class=\"uncode_text_column text-accent-color\" ><\/p>\n<ol>\n<li><strong>realizace VR \u0159e\u0161en\u00ed pro zji\u0161\u0165ov\u00e1n\u00ed p\u0159\u00ed\u010din vzniku po\u017e\u00e1ru,<\/strong><\/li>\n<li><strong>realizace VR \u0159e\u0161en\u00ed pro kontroln\u00ed \u010dinnost,<\/strong><\/li>\n<li><strong>realizace VR \u0159e\u0161en\u00ed pro stavebn\u011b technickou prevenci,<\/strong><\/li>\n<li><strong>realizace specializovan\u00e9 datab\u00e1ze 3D objekt\u016f.<\/strong><\/li>\n<\/ol>\n<p>\n<\/div><\/div><\/div><\/div><\/div><\/div><div class=\"wpb_column pos-top pos-center align_left column_child col-lg-6 boomapps_vccolumn single-internal-gutter\"><div class=\"uncol style-light\" ><div class=\"uncoltable\"><div class=\"uncell  boomapps_vccolumn no-block-padding\" ><div class=\"uncont\" ><div class=\"uncode_text_column\" ><\/p>\n<h4 align=\"justify\">Napln\u011bn\u00ed c\u00edle programu<\/h4>\n<p align=\"justify\">\u00dast\u0159edn\u00ed my\u0161lenkou projektu je pozvednout \u00farove\u0148 syt\u00e9mu vzd\u011bl\u00e1v\u00e1n\u00ed po\u017e\u00e1rn\u00ed prevence, skrze inovaci metod, n\u00e1stroj\u016f a technologi\u00ed zkvalit\u0148uj\u00edc\u00edch samotnou komplexitu zm\u00edn\u011bn\u00e9ho syst\u00e9mu. Projekt je v p\u0159\u00edm\u00e9m vztahu s prioritn\u00edm c\u00edlem Podprogramu 2, kter\u00fd zahrnuje krizovou p\u0159ipravenost bezpe\u010dnostn\u00edch a z\u00e1chrann\u00fdch sbor\u016f v p\u0159\u00edpad\u011b mimo\u0159\u00e1dn\u00fdch ud\u00e1lost\u00ed. Rozvoj znalost\u00ed, metod a n\u00e1stroj\u016f zkvalit\u0148uj\u00edc\u00edch vzd\u011bl\u00e1v\u00e1n\u00ed p\u0159\u00edslu\u0161n\u00edk\u016f HZS \u010cR v r\u00e1mci st\u00e1tn\u00edho po\u017e\u00e1rn\u00edho dozoru je z\u00e1kladn\u00edm p\u0159edpokladem pro zaji\u0161t\u011bn\u00ed schopnosti plnit sv\u00e9 \u00fakoly v po\u017eadovan\u00e9 kvalit\u011b a rozsahu.<\/p>\n<p>\n<\/div><\/div><\/div><\/div><\/div><\/div><\/div><\/div><\/div><\/div><\/div><\/div><\/div><\/div><script id=\"script-row-unique-2\" data-row=\"script-row-unique-2\" type=\"text\/javascript\" class=\"vc_controls\">UNCODE.initRow(document.getElementById(\"row-unique-2\"));<\/script><\/div><\/div><\/div><div data-parent=\"true\" class=\"vc_row row-container onepage-section boomapps_vcrow\" data-label=\"Identifika\u010dn\u00ed \u00fadaje\" data-name=\"identifikacni-udaje\" id=\"row-unique-3\"><div class=\"row quad-top-padding double-bottom-padding single-h-padding limit-width row-parent\"><div class=\"wpb_row row-inner\"><div class=\"wpb_column pos-top pos-center align_left column_parent col-lg-12 boomapps_vccolumn single-internal-gutter\"><div class=\"uncol style-light\"  ><div class=\"uncoltable\"><div class=\"uncell  boomapps_vccolumn no-block-padding\" ><div class=\"uncont\" ><div class=\"vc_row row-internal row-container boomapps_vcrow\"><div class=\"row unequal col-triple-gutter row-child\"><div class=\"wpb_row row-inner\"><div class=\"wpb_column pos-top pos-center align_left column_child col-lg-6 boomapps_vccolumn single-internal-gutter\"><div class=\"uncol style-light\" ><div class=\"uncoltable\"><div class=\"uncell  boomapps_vccolumn no-block-padding\" ><div class=\"uncont\" ><div class=\"vc_custom_heading_wrap\"><div class=\"heading-text el-text\" ><h3 class=\"h1\" ><span>Identifika\u010dn\u00ed \u00fadaje projektu<\/span><\/h3><\/div><div class=\"clear\"><\/div><\/div><\/div><\/div><\/div><\/div><\/div><div class=\"wpb_column pos-top pos-center align_left column_child col-lg-6 boomapps_vccolumn tablet-hidden mobile-hidden single-internal-gutter\"><div class=\"uncol style-light\" ><div class=\"uncoltable\"><div class=\"uncell  boomapps_vccolumn no-block-padding\" ><div class=\"uncont\" ><\/div><\/div><\/div><\/div><\/div><\/div><\/div><\/div><div class=\"vc_row row-internal row-container boomapps_vcrow\"><div class=\"row unequal col-triple-gutter row-child\"><div class=\"wpb_row row-inner\"><div class=\"wpb_column pos-top pos-center align_left column_child col-lg-6 boomapps_vccolumn single-internal-gutter\"><div class=\"uncol style-light\" ><div class=\"uncoltable\"><div class=\"uncell  boomapps_vccolumn no-block-padding\" ><div class=\"uncont\" ><div class=\"uncode_text_column\" ><p><strong>Poskytovatel podpory:<\/strong> MINISTERSTVO VNITRA<br \/>\n<strong>Program:<\/strong> VK \u2013 Otev\u0159en\u00e9 v\u00fdzvy v bezpe\u010dnostn\u00edm v\u00fdzkumu 2023-2029<br \/>\n<strong>Podprogram:<\/strong> Podprogram 2 &#8211; Krizov\u00e1 p\u0159ipravenost bezpe\u010dnostn\u00edch a z\u00e1chrann\u00fdch sbor\u016f<br \/>\n<strong>Ve\u0159ejn\u00e1 sout\u011b\u017e:<\/strong> 1. ve\u0159ejn\u00e1 sout\u011b\u017e programu OPSEC<br \/>\n<strong>Doba \u0159e\u0161en\u00ed:<\/strong> 01\/2023 \u2013 12\/2026<br \/>\n<strong>Stupe\u0148 d\u016fv\u011brnosti \u00fadaj\u016f:<\/strong> S \u2013 \u00dapln\u00e9 a pravdiv\u00e9 \u00fadaje o projektu nepodl\u00e9haj\u00edc\u00ed ochran\u011b podle zvl\u00e1\u0161tn\u00edch pr\u00e1vn\u00edch p\u0159edpis\u016f.<br \/>\n<strong>Hlavn\u00ed p\u0159\u00edjemce:<\/strong> Vysok\u00e1 \u0161kola b\u00e1\u0148sk\u00e1 &#8211; Technick\u00e1 univerzita Ostrava<br \/>\n<strong>\u0158e\u0161itel:<\/strong> Ing. Petr Lep\u00edk Ph.D.<\/p>\n<\/div><\/div><\/div><\/div><\/div><\/div><div class=\"wpb_column pos-top pos-center align_left column_child col-lg-6 boomapps_vccolumn single-internal-gutter\"><div class=\"uncol style-light\" ><div class=\"uncoltable\"><div class=\"uncell  boomapps_vccolumn no-block-padding\" ><div class=\"uncont\" ><div class=\"uncode_text_column\" ><p><strong>Hlavni \u0159e\u0161itel projektu:<\/strong><\/p>\n<ul>\n<li><a href=\"https:\/\/www.fbi.vsb.cz\/\" target=\"_blank\" rel=\"noopener\">Vysok\u00e1 \u0161kola b\u00e1\u0148sk\u00e1 &#8211; Technick\u00e1 univerzita Ostrava &#8211; Fakulta bezpe\u010dnostn\u00edho in\u017een\u00fdrstv\u00ed<\/a><\/li>\n<\/ul>\n<p><strong>Spolu\u0159e\u0161itel\u00e9:<\/strong><\/p>\n<ul>\n<li><a href=\"https:\/\/hzscr.gov.cz\/institut-ochrany-obyvatelstva.aspx\" target=\"_blank\" rel=\"noopener\">MINISTERSTVO VNITRA &#8211; Gener\u00e1ln\u00ed \u0159editelstv\u00ed HZS &#8211; Institut ochrany obyvatelstva<\/a><\/li>\n<li><a href=\"https:\/\/www.cpbs.cz\/\" target=\"_blank\" rel=\"noopener\">Centrum pro bezpe\u010dn\u00fd st\u00e1t z.s. (CPBS Institute z.s.)<\/a><\/li>\n<\/ul>\n<p>\n<\/div><\/div><\/div><\/div><\/div><\/div><\/div><\/div><\/div><\/div><\/div><\/div><\/div><\/div><script id=\"script-row-unique-3\" data-row=\"script-row-unique-3\" type=\"text\/javascript\" class=\"vc_controls\">UNCODE.initRow(document.getElementById(\"row-unique-3\"));<\/script><\/div><\/div><\/div>\n<\/div>","protected":false},"excerpt":{"rendered":"Zvy\u0161ov\u00e1n\u00ed efektivity vzd\u011bl\u00e1v\u00e1n\u00ed p\u0159\u00edslu\u0161n\u00edk\u016f HZS \u010cR v oblasti po\u017e\u00e1rn\u00ed prevence s vyu\u017eit\u00edm digit\u00e1ln\u00edch n\u00e1stroj\u016f AnotaceProjekt vych\u00e1z\u00ed z pot\u0159eby inovace a [...]","protected":false},"author":1,"featured_media":0,"parent":0,"menu_order":0,"comment_status":"closed","ping_status":"closed","template":"","meta":{"footnotes":""},"class_list":["post-19884","page","type-page","status-publish","hentry"],"_links":{"self":[{"href":"http:\/\/vrpropre.vsb.cz\/en\/wp-json\/wp\/v2\/pages\/19884","targetHints":{"allow":["GET"]}}],"collection":[{"href":"http:\/\/vrpropre.vsb.cz\/en\/wp-json\/wp\/v2\/pages"}],"about":[{"href":"http:\/\/vrpropre.vsb.cz\/en\/wp-json\/wp\/v2\/types\/page"}],"author":[{"embeddable":true,"href":"http:\/\/vrpropre.vsb.cz\/en\/wp-json\/wp\/v2\/users\/1"}],"replies":[{"embeddable":true,"href":"http:\/\/vrpropre.vsb.cz\/en\/wp-json\/wp\/v2\/comments?post=19884"}],"version-history":[{"count":79,"href":"http:\/\/vrpropre.vsb.cz\/en\/wp-json\/wp\/v2\/pages\/19884\/revisions"}],"predecessor-version":[{"id":131973,"href":"http:\/\/vrpropre.vsb.cz\/en\/wp-json\/wp\/v2\/pages\/19884\/revisions\/131973"}],"wp:attachment":[{"href":"http:\/\/vrpropre.vsb.cz\/en\/wp-json\/wp\/v2\/media?parent=19884"}],"curies":[{"name":"wp","href":"https:\/\/api.w.org\/{rel}","templated":true}]}}