{"id":3876,"date":"2014-12-13T01:47:04","date_gmt":"2014-12-13T00:47:04","guid":{"rendered":"https:\/\/undsgn.com\/uncode\/?page_id=3876"},"modified":"2025-11-14T19:35:46","modified_gmt":"2025-11-14T18:35:46","slug":"kontakt","status":"publish","type":"page","link":"http:\/\/vrpropre.vsb.cz\/en\/kontakt\/","title":{"rendered":"Contact"},"content":{"rendered":"<div class=\"wpb-content-wrapper\"><div data-parent=\"true\" class=\"vc_row style-color-wayh-bg row-container has-dividers boomapps_vcrow\" id=\"row-unique-0\"><div class=\"row-background background-element\">\n\t\t\t\t\t\t\t\t\t\t\t<div class=\"background-wrapper\">\n\t\t\t\t\t\t\t\t\t\t\t\t<div class=\"background-inner\" style=\"background-repeat: no-repeat;background-position: center center;background-attachment: scroll;background-size: cover;\"><\/div>\n\t\t\t\t\t\t\t\t\t\t\t\t<div class=\"block-bg-overlay style-accent-bg\" style=\"opacity: 0.8;\"><\/div>\n\t\t\t\t\t\t\t\t\t\t\t<\/div>\n\t\t\t\t\t\t\t\t\t\t<\/div><div class=\"uncode-divider-wrap uncode-divider-wrap-bottom z_index_0\" style=\"height: 100%; opacity: 0.5\" data-height=\"100\" data-unit=\"%\"><svg version=\"1.1\" class=\"uncode-row-divider uncode-row-divider-gradient\" x=\"0px\" y=\"0px\" width=\"240px\" height=\"24px\" viewbox=\"0 0 240 24\" enable-background=\"new 0 0 240 24\" xml:space=\"preserve\" preserveaspectratio=\"none\">\n\t\t<lineargradient id=\"svg-gradient-198831\" gradientunits=\"userSpaceOnUse\" x1=\"119.9995\" y1=\"0\" x2=\"119.9995\" y2=\"24.0005\">\n\t\t\t<stop  offset=\"0\" style=\"stop-color:#171471;stop-opacity:0\"\/>\n\t\t\t<stop  offset=\"1\" style=\"stop-color:#171471\"\/>\n\t\t<\/lineargradient>\n\t\t<path fill=\"url(#svg-gradient-198831)\" d=\"M240,24V0H0v24H240z\"\/>\n\t\t<\/svg><\/div><div class=\"row triple-top-padding triple-bottom-padding single-h-padding limit-width row-parent\" data-height-ratio=\"25\"><div class=\"wpb_row row-inner\"><div class=\"wpb_column pos-bottom pos-center align_left column_parent col-lg-12 boomapps_vccolumn single-internal-gutter\"><div class=\"uncol style-dark\"  ><div class=\"uncoltable\"><div class=\"uncell  boomapps_vccolumn no-block-padding\" ><div class=\"uncont\" ><div class=\"vc_custom_heading_wrap\"><div class=\"heading-text el-text\" ><h1 class=\"font-846016 fontsize-210105 fontheight-179065\" ><span>Napi\u0161te n\u00e1m<\/span><\/h1><\/div><div class=\"clear\"><\/div><\/div><\/div><\/div><\/div><\/div><\/div><script id=\"script-row-unique-0\" data-row=\"script-row-unique-0\" type=\"text\/javascript\" class=\"vc_controls\">UNCODE.initRow(document.getElementById(\"row-unique-0\"));<\/script><\/div><\/div><\/div><div data-parent=\"true\" class=\"vc_row limit-width row-container boomapps_vcrow\" id=\"row-unique-1\"><div class=\"row triple-top-padding triple-bottom-padding single-h-padding row-parent\"><div class=\"wpb_row row-inner\"><div class=\"wpb_column pos-top pos-left align_left column_parent col-lg-7 boomapps_vccolumn col-md-66 single-internal-gutter\"><div class=\"uncol style-light font-846016\"  ><div class=\"uncoltable\"><div class=\"uncell  boomapps_vccolumn no-block-padding\" ><div class=\"uncont\" style=\" max-width:90%;\" ><div class=\"vc_custom_heading_wrap\"><div class=\"heading-text el-text\" ><h2 class=\"font-846016 h3\" ><span>M\u00e1te na n\u00e1s dotaz? Napi\u0161te n\u00e1m<\/span><\/h2><div><p>Nena\u0161li jste d\u016fle\u017eitou informaci? M\u00e1te specifickou ot\u00e1zku, na kterou nezn\u00e1te odpov\u011b\u010f? Pokud m\u00e1te jak\u00fdkoliv dotaz, nev\u00e1hejte n\u00e1s kontaktovat, r\u00e1di v\u00e1m odpov\u00edme.<\/p>\n<\/div><\/div><div class=\"clear\"><\/div><\/div>\n<div class=\"wpcf7 no-js\" id=\"wpcf7-f22444-o1\" lang=\"en-US\" dir=\"ltr\" data-wpcf7-id=\"22444\">\n<div class=\"screen-reader-response\"><p role=\"status\" aria-live=\"polite\" aria-atomic=\"true\"><\/p> <ul><\/ul><\/div>\n<form action=\"\/en\/wp-json\/wp\/v2\/pages\/3876#wpcf7-f22444-o1\" method=\"post\" class=\"wpcf7-form init\" aria-label=\"Contact form\" novalidate=\"novalidate\" data-status=\"init\" data-trp-original-action=\"\/en\/wp-json\/wp\/v2\/pages\/3876#wpcf7-f22444-o1\">\n<fieldset class=\"hidden-fields-container\"><input type=\"hidden\" name=\"_wpcf7\" value=\"22444\" \/><input type=\"hidden\" name=\"_wpcf7_version\" value=\"6.1.5\" \/><input type=\"hidden\" name=\"_wpcf7_locale\" value=\"en_US\" \/><input type=\"hidden\" name=\"_wpcf7_unit_tag\" value=\"wpcf7-f22444-o1\" \/><input type=\"hidden\" name=\"_wpcf7_container_post\" value=\"0\" \/><input type=\"hidden\" name=\"_wpcf7_posted_data_hash\" value=\"\" \/>\n<\/fieldset>\n<p>Jm\u00e9no *\n<\/p>\n<p><span class=\"wpcf7-form-control-wrap\" data-name=\"your-firstname\"><input size=\"40\" maxlength=\"400\" class=\"wpcf7-form-control wpcf7-text wpcf7-validates-as-required form-fluid\" aria-required=\"true\" aria-invalid=\"false\" value=\"\" type=\"text\" name=\"your-firstname\" \/><\/span>\n<\/p>\n<p>E-mail *\n<\/p>\n<p><span class=\"wpcf7-form-control-wrap\" data-name=\"your-email\"><input size=\"40\" maxlength=\"400\" class=\"wpcf7-form-control wpcf7-email wpcf7-validates-as-required wpcf7-text wpcf7-validates-as-email form-fluid\" aria-required=\"true\" aria-invalid=\"false\" value=\"\" type=\"email\" name=\"your-email\" \/><\/span>\n<\/p>\n<p>Text vzkazu *\n<\/p>\n<p><span class=\"wpcf7-form-control-wrap\" data-name=\"your-message\"><textarea cols=\"40\" rows=\"8\" maxlength=\"2000\" class=\"wpcf7-form-control wpcf7-textarea wpcf7-validates-as-required\" aria-required=\"true\" aria-invalid=\"false\" name=\"your-message\"><\/textarea><\/span>\n<\/p>\n<p style=\"font-size: 13px; font-weight: 400;\">* Povinn\u00e9 pole\n<\/p>\n<p><input class=\"wpcf7-form-control wpcf7-submit has-spinner btn btn-accent btn-lg\" type=\"submit\" value=\"Odeslat\" \/>\n<\/p><div class=\"wpcf7-response-output\" aria-hidden=\"true\"><\/div>\n<input type=\"hidden\" name=\"trp-form-language\" value=\"en\"\/><\/form>\n<\/div>\n<\/div><\/div><\/div><\/div><\/div><div class=\"wpb_column pos-top pos-left align_left column_parent col-lg-5 boomapps_vccolumn col-md-33 single-internal-gutter\"><div class=\"uncol style-light font-846016\"  ><div class=\"uncoltable\"><div class=\"uncell  boomapps_vccolumn no-block-padding\" ><div class=\"uncont\" ><div class=\"vc_custom_heading_wrap\"><div class=\"heading-text el-text\" ><h2 class=\"font-846016 h3\" ><span>Fakulta bezpe\u010dnostn\u00edho in\u017een\u00fdrstv\u00ed<br \/><\/span><span>V\u0160B \u2013 Technick\u00e1 univerzita Ostrava<\/span><\/h2><div><p>Lum\u00edrova 630\/13<br \/>\n700 30 Ostrava - V\u00fd\u0161kovice<\/p>\n<\/div><\/div><div class=\"clear\"><\/div><\/div><\/div><\/div><\/div><\/div><\/div><script id=\"script-row-unique-1\" data-row=\"script-row-unique-1\" type=\"text\/javascript\" class=\"vc_controls\">UNCODE.initRow(document.getElementById(\"row-unique-1\"));<\/script><\/div><\/div><\/div>\n<\/div>","protected":false},"excerpt":{"rendered":"Napi\u0161te n\u00e1mM\u00e1te na n\u00e1s dotaz? Napi\u0161te n\u00e1mNena\u0161li jste d\u016fle\u017eitou informaci? M\u00e1te specifickou ot\u00e1zku, na kterou nezn\u00e1te odpov\u011b\u010f? Pokud m\u00e1te jak\u00fdkoliv [...]","protected":false},"author":1,"featured_media":0,"parent":0,"menu_order":0,"comment_status":"open","ping_status":"closed","template":"","meta":{"footnotes":""},"class_list":["post-3876","page","type-page","status-publish","hentry"],"_links":{"self":[{"href":"http:\/\/vrpropre.vsb.cz\/en\/wp-json\/wp\/v2\/pages\/3876","targetHints":{"allow":["GET"]}}],"collection":[{"href":"http:\/\/vrpropre.vsb.cz\/en\/wp-json\/wp\/v2\/pages"}],"about":[{"href":"http:\/\/vrpropre.vsb.cz\/en\/wp-json\/wp\/v2\/types\/page"}],"author":[{"embeddable":true,"href":"http:\/\/vrpropre.vsb.cz\/en\/wp-json\/wp\/v2\/users\/1"}],"replies":[{"embeddable":true,"href":"http:\/\/vrpropre.vsb.cz\/en\/wp-json\/wp\/v2\/comments?post=3876"}],"version-history":[{"count":8,"href":"http:\/\/vrpropre.vsb.cz\/en\/wp-json\/wp\/v2\/pages\/3876\/revisions"}],"predecessor-version":[{"id":131995,"href":"http:\/\/vrpropre.vsb.cz\/en\/wp-json\/wp\/v2\/pages\/3876\/revisions\/131995"}],"wp:attachment":[{"href":"http:\/\/vrpropre.vsb.cz\/en\/wp-json\/wp\/v2\/media?parent=3876"}],"curies":[{"name":"wp","href":"https:\/\/api.w.org\/{rel}","templated":true}]}}