{"id":4302,"date":"2014-12-17T17:28:07","date_gmt":"2014-12-17T16:28:07","guid":{"rendered":"https:\/\/undsgn.com\/uncode\/?page_id=4302"},"modified":"2025-11-14T19:30:27","modified_gmt":"2025-11-14T18:30:27","slug":"databaze","status":"publish","type":"page","link":"http:\/\/vrpropre.vsb.cz\/en\/databaze\/","title":{"rendered":"Datab\u00e1ze"},"content":{"rendered":"<div class=\"wpb-content-wrapper\"><div data-parent=\"true\" class=\"vc_row style-color-wayh-bg row-container has-dividers boomapps_vcrow\" id=\"row-unique-0\"><div class=\"row-background background-element\">\n\t\t\t\t\t\t\t\t\t\t\t<div class=\"background-wrapper\">\n\t\t\t\t\t\t\t\t\t\t\t\t<div class=\"background-inner\" style=\"background-repeat: no-repeat;background-position: center center;background-attachment: scroll;background-size: cover;\"><\/div>\n\t\t\t\t\t\t\t\t\t\t\t\t<div class=\"block-bg-overlay style-accent-bg\" style=\"opacity: 0.8;\"><\/div>\n\t\t\t\t\t\t\t\t\t\t\t<\/div>\n\t\t\t\t\t\t\t\t\t\t<\/div><div class=\"uncode-divider-wrap uncode-divider-wrap-bottom z_index_0\" style=\"height: 100%; opacity: 0.5\" data-height=\"100\" data-unit=\"%\"><svg version=\"1.1\" class=\"uncode-row-divider uncode-row-divider-gradient\" x=\"0px\" y=\"0px\" width=\"240px\" height=\"24px\" viewbox=\"0 0 240 24\" enable-background=\"new 0 0 240 24\" xml:space=\"preserve\" preserveaspectratio=\"none\">\n\t\t<lineargradient id=\"svg-gradient-437021\" gradientunits=\"userSpaceOnUse\" x1=\"119.9995\" y1=\"0\" x2=\"119.9995\" y2=\"24.0005\">\n\t\t\t<stop  offset=\"0\" style=\"stop-color:#171471;stop-opacity:0\"\/>\n\t\t\t<stop  offset=\"1\" style=\"stop-color:#171471\"\/>\n\t\t<\/lineargradient>\n\t\t<path fill=\"url(#svg-gradient-437021)\" d=\"M240,24V0H0v24H240z\"\/>\n\t\t<\/svg><\/div><div class=\"row triple-top-padding triple-bottom-padding single-h-padding limit-width row-parent\" data-height-ratio=\"25\"><div class=\"wpb_row row-inner\"><div class=\"wpb_column pos-bottom pos-center align_left column_parent col-lg-12 boomapps_vccolumn single-internal-gutter\"><div class=\"uncol style-dark\"  ><div class=\"uncoltable\"><div class=\"uncell  boomapps_vccolumn no-block-padding\" ><div class=\"uncont\" ><div class=\"vc_custom_heading_wrap\"><div class=\"heading-text el-text\" ><h1 class=\"font-846016 fontsize-210105 fontheight-179065\" ><span>Datab\u00e1ze 3D objekt\u016f<\/span><\/h1><\/div><div class=\"clear\"><\/div><\/div><\/div><\/div><\/div><\/div><\/div><script id=\"script-row-unique-0\" data-row=\"script-row-unique-0\" type=\"text\/javascript\" class=\"vc_controls\">UNCODE.initRow(document.getElementById(\"row-unique-0\"));<\/script><\/div><\/div><\/div><div data-parent=\"true\" class=\"vc_row style-color-xsdn-bg row-container boomapps_vcrow\" id=\"row-unique-1\"><div class=\"row limit-width row-parent\"><div class=\"wpb_row row-inner\"><div class=\"wpb_column pos-top pos-center align_left column_parent col-lg-12 boomapps_vccolumn single-internal-gutter\"><div class=\"uncol style-light font-136269\"  ><div class=\"uncoltable\"><div class=\"uncell  boomapps_vccolumn no-block-padding\" ><div class=\"uncont\" ><div id=\"index-15588655905\" class=\"cssgrid-system cssgrid-general-light grid-general-light cssgrid-171919 ajax-grid-system\" data-toggle=\"\">\n\t\t\t\t\t\t\t\n\t\t\t\t<div class=\"grid-filters menu-container menu-animated single-gutter filter-typography-inherit submenu-light  no-text-uppercase cssgrid-filters menu-light\"><div class=\"menu-horizontal menu-sub-enhanced text-mobile-center\"><div class=\"filter-main-group\"><a href=\"#\" class=\"uncode-toggle-ajax-filters item-align-left\"><span class=\"toggle-filter-hide\">Hide filters<\/span><span class=\"toggle-filter-show\">Show filters<\/span><\/a><\/div><\/div><\/div>\n\t\t\t\t<div class=\"ajax-filter-wrapper ajax-filter-position-left\">\n\t\t\t\t\t<div class=\"ajax-filter-sidebar-wrapper row-container col-lg-2\" style=\"min-width: 300px\">\n\n\t\t\t\t\t\t\n\t\t\t\t\t\t<div class=\"ajax-filter-sidebar ajax-sidebar-position-mobile-left ajax-sidebar-position-left double-margin\" data-max-width=\"0\">\n\t\t\t\t\t\t\t<div class=\"ajax-filter-sidebar-header\">\n\t\t\t\t\t\t\t\t<div class=\"close-ajax-filter-sidebar btn btn-link\"><span>&times;<\/span> Close<\/div>\n\t\t\t\t\t\t\t<\/div>\n\t\t\t\t\t\t\t<div class=\"ajax-filter-sidebar-body\">\n\t\t\t\t\t\t\t<div data-parent=\"true\" class=\"vc_row style-color-xsdn-bg row-container boomapps_vcrow\" id=\"row-unique-2\"><div class=\"row limit-width row-parent\"><div class=\"wpb_row row-inner\"><div class=\"wpb_column pos-top pos-center align_left column_parent col-lg-12 boomapps_vccolumn no-internal-gutter\"><div class=\"uncol style-light\"  ><div class=\"uncoltable\"><div class=\"uncell  boomapps_vccolumn no-block-padding\" ><div class=\"uncont\" >\n\t<div class=\"uncode_widget widget-ajax-filters wpb_content_element widget-no-separator widget-collapse widget-desktop-collapse widget-desktop-collapse-open widget-mobile-collapse widget-mobile-collapse-open widget-tablet-collapse widget-tablet-collapse-open widget-collaps-icon widget-typography-inherit widget-ajax-filters--single widget-ajax-filters--search\"  data-id=\"1\">\n\t\t\t\t\t<aside class=\"widget widget-style widget-container sidebar-widgets\">\n\t\t\n\t\t\t\t\t\t\t\t\t\t\t\t<h3 class=\"widget-title open\">Vyhled\u00e1v\u00e1n\u00ed<\/h3>\n\t\t\t\t\t\t\t\t\t\t<div class=\"widget-collapse-content\">\n\t\t\t\t\t\n\t\t\n\t\t<div class=\"term-filters\">\n\t\t\t\t<div class=\"term-filters-search search-container-inner\">\n\t\t<input type=\"search\" name=\"term-filters-search-input\" class=\"term-filters-search-input form-fluid\" value=\"\" placeholder=\"Search\u2026\" aria-label=\"Search\u2026\">\n\t\t<i class=\"fa fa-search3\" role=\"button\"><\/i>\n\t<\/div>\n\t\t\t<\/div>\n\n\t\t\t\t\t\t\t\t\t<\/div>\n\t\t\t\t\t\t<\/aside>\n\t\t\t<\/div>\n\n\t<div class=\"uncode_widget widget-ajax-filters wpb_content_element widget-ajax-filters--single widget-ajax-filters--checkbox\"  data-id=\"2\">\n\t\t\n\t\t\t\t\t\t\t\t\t\t\t\t<h3 class=\"widgettitle\">Kategorie<\/h3>\n\t\t\t\t\t\t\t\t\n\t\t\n\t\t<div class=\"term-filters\">\n\t\t\t\t\t\t\t\t\t\t\t<ul class=\"term-filters-list\">\n\t\t\t\t\n\t\t\t\t\t\t\t\t\t\t\t\t\t\t<li class=\"term-filter\">\n\t\t\t\t\t\t\t\t\t\t\t\t\t<label for=\"filter_1570415456_94\"><input type=\"checkbox\" name=\"filter_1570415456_94\" id=\"filter_1570415456_94\" value=\"po-pozaru\" ><a href=\"http:\/\/vrpropre.vsb.cz\/en\/wp-json\/wp\/v2\/?tax_portfolio_category=po-pozaru&#038;unfilter=1\" class=\"term-filter-link\" rel=\"nofollow\" title=\"\">Po po\u017e\u00e1ru<\/a><\/label>\n\t\t\t\t\t\t\n\t\t\t\t\t\t\t\t\t\t\t<\/li>\n\t\t\t\t\t\t\t\t\t\t\t\t\t\t<li class=\"term-filter\">\n\t\t\t\t\t\t\t\t\t\t\t\t\t<label for=\"filter_1032480912_93\"><input type=\"checkbox\" name=\"filter_1032480912_93\" id=\"filter_1032480912_93\" value=\"pred-pozarem\" ><a href=\"http:\/\/vrpropre.vsb.cz\/en\/wp-json\/wp\/v2\/?tax_portfolio_category=pred-pozarem&#038;unfilter=1\" class=\"term-filter-link\" rel=\"nofollow\" title=\"\">P\u0159ed po\u017e\u00e1rem<\/a><\/label>\n\t\t\t\t\t\t\n\t\t\t\t\t\t\t\t\t\t\t<\/li>\n\t\t\t\t\t\t\t<\/ul>\n\t\t\t\t\t\t<\/div>\n\n\t\t\t<\/div>\n<\/div><\/div><\/div><\/div><\/div><script id=\"script-row-unique-2\" data-row=\"script-row-unique-2\" type=\"text\/javascript\" class=\"vc_controls\">UNCODE.initRow(document.getElementById(\"row-unique-2\"));<\/script><\/div><\/div><\/div>\t\t\t\t\t\t\t<\/div>\n\t\t\t\t\t\t\t<div class=\"ajax-filter-sidebar-footer\">\n\t\t\t\t\t\t\t\t<p class=\"ajax-filter-sidebar__buttons buttons\">\n\t\t\t\t\t\t\t\t\t<a href=\"http:\/\/vrpropre.vsb.cz\/en\/wp-json\/wp\/v2\/\" class=\"btn btn-default ajax-filter-sidebar__button ajax-filter-sidebar__button--clear\">Clear all<\/a>\n\t\t\t\t\t\t\t\t\t<a href=\"#\" class=\"btn btn-default ajax-filter-sidebar__button ajax-filter-sidebar__button--apply\">Apply<\/a>\n\t\t\t\t\t\t\t\t<\/p>\n\t\t\t\t\t\t\t<\/div>\n\t\t\t\t\t\t<\/div>\n\t\t\t\t\t\t<div id=\"ajax_sidebar_overlay\" class=\"overlay style-dark-bg\"><\/div>\n\n\t\t\t\t\t\t\n\t\t\t\t\t<\/div>\n\n\t\t\t\n\t\t\t\t\t\t\t\t\t\t\t\t\t\t<div class=\"cssgrid-wrapper grid-wrapper cssgrid-single-gutter col-lg-10\"  style=\"max-width: calc(100% - 300px)\">\t\t\t\t\t\t\t\t\t\t\t\t<div class=\"cssgrid-container grid-container cssgrid-layout cssgrid-equal-height cssgrid-infinite grid-infinite\" >\t\t\t<div class=\"tmb atc-typography-inherit tmb-grid tmb-iso-h4 tmb-round img-round-xs tmb-light tmb-text-showed tmb-content-left tmb-image-anim tmb-bordered tmb-meta-size-default tmb-meta-weight-400  grid-cat-94 tmb-id-131967 tmb-img-ratio tmb-content-under tmb-media-first\" ><div class=\"t-inside style-color-xsdn-bg no-anim\" ><div class=\"t-entry-visual\"><div class=\"t-entry-visual-tc\"><div class=\"t-entry-visual-cont\"><div class=\"dummy\" style=\"padding-top: 100%;\"><\/div><a role=\"button\" tabindex=\"-1\" href=\"http:\/\/vrpropre.vsb.cz\/en\/portfolio\/playstation-po-pozaru\/\" class=\"pushed\" target=\"_self\" data-lb-index=\"0\"><div class=\"t-entry-visual-overlay\"><div class=\"t-entry-visual-overlay-in style-dark-bg\" style=\"opacity: 0.5;\"><\/div><\/div><img decoding=\"async\" class=\"wp-image-131968\" src=\"http:\/\/vrpropre.vsb.cz\/wp-content\/uploads\/2025\/11\/playstation-spaleny.jpg\" width=\"800\" height=\"800\" alt=\"\" srcset=\"http:\/\/vrpropre.vsb.cz\/wp-content\/uploads\/2025\/11\/playstation-spaleny.jpg 800w, http:\/\/vrpropre.vsb.cz\/wp-content\/uploads\/2025\/11\/playstation-spaleny-300x300.jpg 300w, http:\/\/vrpropre.vsb.cz\/wp-content\/uploads\/2025\/11\/playstation-spaleny-150x150.jpg 150w, http:\/\/vrpropre.vsb.cz\/wp-content\/uploads\/2025\/11\/playstation-spaleny-768x768.jpg 768w, http:\/\/vrpropre.vsb.cz\/wp-content\/uploads\/2025\/11\/playstation-spaleny-12x12.jpg 12w, http:\/\/vrpropre.vsb.cz\/wp-content\/uploads\/2025\/11\/playstation-spaleny-350x350.jpg 350w, http:\/\/vrpropre.vsb.cz\/wp-content\/uploads\/2025\/11\/playstation-spaleny-348x348.jpg 348w, http:\/\/vrpropre.vsb.cz\/wp-content\/uploads\/2025\/11\/playstation-spaleny-uai-720x720.jpg 720w\" sizes=\"(max-width: 800px) 100vw, 800px\" \/><\/a><\/div>\n\t\t\t\t\t<\/div>\n\t\t\t\t<\/div><div class=\"t-entry-text\">\n\t\t\t\t\t\t\t\t\t<div class=\"t-entry-text-tc single-block-padding\"><div class=\"t-entry\"><h3 class=\"t-entry-title font-136269 h4 font-weight-500 title-scale\"><a href=\"http:\/\/vrpropre.vsb.cz\/en\/portfolio\/playstation-po-pozaru\/\" target=\"_self\">Playstation (po po\u017e\u00e1ru)<\/a><\/h3><\/div><\/div>\n\t\t\t\t\t\t\t<\/div><\/div><\/div><div class=\"tmb atc-typography-inherit tmb-grid tmb-iso-h4 tmb-round img-round-xs tmb-light tmb-text-showed tmb-content-left tmb-image-anim tmb-bordered tmb-meta-size-default tmb-meta-weight-400  grid-cat-94 tmb-id-131964 tmb-img-ratio tmb-content-under tmb-media-first\" ><div class=\"t-inside style-color-xsdn-bg no-anim\" ><div class=\"t-entry-visual\"><div class=\"t-entry-visual-tc\"><div class=\"t-entry-visual-cont\"><div class=\"dummy\" style=\"padding-top: 100%;\"><\/div><a role=\"button\" tabindex=\"-1\" href=\"http:\/\/vrpropre.vsb.cz\/en\/portfolio\/monitor-po-pozaru\/\" class=\"pushed\" target=\"_self\" data-lb-index=\"1\"><div class=\"t-entry-visual-overlay\"><div class=\"t-entry-visual-overlay-in style-dark-bg\" style=\"opacity: 0.5;\"><\/div><\/div><img decoding=\"async\" class=\"wp-image-131965\" src=\"http:\/\/vrpropre.vsb.cz\/wp-content\/uploads\/2025\/11\/monitor-spaleny.jpg\" width=\"800\" height=\"800\" alt=\"\" srcset=\"http:\/\/vrpropre.vsb.cz\/wp-content\/uploads\/2025\/11\/monitor-spaleny.jpg 800w, http:\/\/vrpropre.vsb.cz\/wp-content\/uploads\/2025\/11\/monitor-spaleny-300x300.jpg 300w, http:\/\/vrpropre.vsb.cz\/wp-content\/uploads\/2025\/11\/monitor-spaleny-150x150.jpg 150w, http:\/\/vrpropre.vsb.cz\/wp-content\/uploads\/2025\/11\/monitor-spaleny-768x768.jpg 768w, http:\/\/vrpropre.vsb.cz\/wp-content\/uploads\/2025\/11\/monitor-spaleny-12x12.jpg 12w, http:\/\/vrpropre.vsb.cz\/wp-content\/uploads\/2025\/11\/monitor-spaleny-350x350.jpg 350w, http:\/\/vrpropre.vsb.cz\/wp-content\/uploads\/2025\/11\/monitor-spaleny-348x348.jpg 348w, http:\/\/vrpropre.vsb.cz\/wp-content\/uploads\/2025\/11\/monitor-spaleny-uai-720x720.jpg 720w\" sizes=\"(max-width: 800px) 100vw, 800px\" \/><\/a><\/div>\n\t\t\t\t\t<\/div>\n\t\t\t\t<\/div><div class=\"t-entry-text\">\n\t\t\t\t\t\t\t\t\t<div class=\"t-entry-text-tc single-block-padding\"><div class=\"t-entry\"><h3 class=\"t-entry-title font-136269 h4 font-weight-500 title-scale\"><a href=\"http:\/\/vrpropre.vsb.cz\/en\/portfolio\/monitor-po-pozaru\/\" target=\"_self\">Monitor (po po\u017e\u00e1ru)<\/a><\/h3><\/div><\/div>\n\t\t\t\t\t\t\t<\/div><\/div><\/div><div class=\"tmb atc-typography-inherit tmb-grid tmb-iso-h4 tmb-round img-round-xs tmb-light tmb-text-showed tmb-content-left tmb-image-anim tmb-bordered tmb-meta-size-default tmb-meta-weight-400  grid-cat-94 tmb-id-131961 tmb-img-ratio tmb-content-under tmb-media-first\" ><div class=\"t-inside style-color-xsdn-bg no-anim\" ><div class=\"t-entry-visual\"><div class=\"t-entry-visual-tc\"><div class=\"t-entry-visual-cont\"><div class=\"dummy\" style=\"padding-top: 100%;\"><\/div><a role=\"button\" tabindex=\"-1\" href=\"http:\/\/vrpropre.vsb.cz\/en\/portfolio\/psaci-stul-po-pozaru\/\" class=\"pushed\" target=\"_self\" data-lb-index=\"2\"><div class=\"t-entry-visual-overlay\"><div class=\"t-entry-visual-overlay-in style-dark-bg\" style=\"opacity: 0.5;\"><\/div><\/div><img decoding=\"async\" class=\"wp-image-131962\" src=\"http:\/\/vrpropre.vsb.cz\/wp-content\/uploads\/2025\/11\/psaci-stul-spaleny.jpg\" width=\"800\" height=\"800\" alt=\"\" srcset=\"http:\/\/vrpropre.vsb.cz\/wp-content\/uploads\/2025\/11\/psaci-stul-spaleny.jpg 800w, http:\/\/vrpropre.vsb.cz\/wp-content\/uploads\/2025\/11\/psaci-stul-spaleny-300x300.jpg 300w, http:\/\/vrpropre.vsb.cz\/wp-content\/uploads\/2025\/11\/psaci-stul-spaleny-150x150.jpg 150w, http:\/\/vrpropre.vsb.cz\/wp-content\/uploads\/2025\/11\/psaci-stul-spaleny-768x768.jpg 768w, http:\/\/vrpropre.vsb.cz\/wp-content\/uploads\/2025\/11\/psaci-stul-spaleny-12x12.jpg 12w, http:\/\/vrpropre.vsb.cz\/wp-content\/uploads\/2025\/11\/psaci-stul-spaleny-350x350.jpg 350w, http:\/\/vrpropre.vsb.cz\/wp-content\/uploads\/2025\/11\/psaci-stul-spaleny-348x348.jpg 348w, http:\/\/vrpropre.vsb.cz\/wp-content\/uploads\/2025\/11\/psaci-stul-spaleny-uai-720x720.jpg 720w\" sizes=\"(max-width: 800px) 100vw, 800px\" \/><\/a><\/div>\n\t\t\t\t\t<\/div>\n\t\t\t\t<\/div><div class=\"t-entry-text\">\n\t\t\t\t\t\t\t\t\t<div class=\"t-entry-text-tc single-block-padding\"><div class=\"t-entry\"><h3 class=\"t-entry-title font-136269 h4 font-weight-500 title-scale\"><a href=\"http:\/\/vrpropre.vsb.cz\/en\/portfolio\/psaci-stul-po-pozaru\/\" target=\"_self\">Psac\u00ed st\u016fl (po po\u017e\u00e1ru)<\/a><\/h3><\/div><\/div>\n\t\t\t\t\t\t\t<\/div><\/div><\/div><div class=\"tmb atc-typography-inherit tmb-grid tmb-iso-h4 tmb-round img-round-xs tmb-light tmb-text-showed tmb-content-left tmb-image-anim tmb-bordered tmb-meta-size-default tmb-meta-weight-400  grid-cat-93 tmb-id-131828 tmb-img-ratio tmb-content-under tmb-media-first\" ><div class=\"t-inside style-color-xsdn-bg no-anim\" ><div class=\"t-entry-visual\"><div class=\"t-entry-visual-tc\"><div class=\"t-entry-visual-cont\"><div class=\"dummy\" style=\"padding-top: 100%;\"><\/div><a role=\"button\" tabindex=\"-1\" href=\"http:\/\/vrpropre.vsb.cz\/en\/portfolio\/psaci-stul-pred-pozarem\/\" class=\"pushed\" target=\"_self\" data-lb-index=\"3\"><div class=\"t-entry-visual-overlay\"><div class=\"t-entry-visual-overlay-in style-dark-bg\" style=\"opacity: 0.5;\"><\/div><\/div><img decoding=\"async\" class=\"wp-image-131829\" src=\"http:\/\/vrpropre.vsb.cz\/wp-content\/uploads\/2025\/11\/psaci-stul.jpg\" width=\"800\" height=\"800\" alt=\"\" srcset=\"http:\/\/vrpropre.vsb.cz\/wp-content\/uploads\/2025\/11\/psaci-stul.jpg 800w, http:\/\/vrpropre.vsb.cz\/wp-content\/uploads\/2025\/11\/psaci-stul-300x300.jpg 300w, http:\/\/vrpropre.vsb.cz\/wp-content\/uploads\/2025\/11\/psaci-stul-150x150.jpg 150w, http:\/\/vrpropre.vsb.cz\/wp-content\/uploads\/2025\/11\/psaci-stul-768x768.jpg 768w, http:\/\/vrpropre.vsb.cz\/wp-content\/uploads\/2025\/11\/psaci-stul-12x12.jpg 12w, http:\/\/vrpropre.vsb.cz\/wp-content\/uploads\/2025\/11\/psaci-stul-350x350.jpg 350w, http:\/\/vrpropre.vsb.cz\/wp-content\/uploads\/2025\/11\/psaci-stul-348x348.jpg 348w, http:\/\/vrpropre.vsb.cz\/wp-content\/uploads\/2025\/11\/psaci-stul-uai-720x720.jpg 720w\" sizes=\"(max-width: 800px) 100vw, 800px\" \/><\/a><\/div>\n\t\t\t\t\t<\/div>\n\t\t\t\t<\/div><div class=\"t-entry-text\">\n\t\t\t\t\t\t\t\t\t<div class=\"t-entry-text-tc single-block-padding\"><div class=\"t-entry\"><h3 class=\"t-entry-title font-136269 h4 font-weight-500 title-scale\"><a href=\"http:\/\/vrpropre.vsb.cz\/en\/portfolio\/psaci-stul-pred-pozarem\/\" target=\"_self\">Psac\u00ed st\u016fl (p\u0159ed po\u017e\u00e1rem)<\/a><\/h3><\/div><\/div>\n\t\t\t\t\t\t\t<\/div><\/div><\/div>\t\t<\/div>\t\n\t\n\n\t\t\t\t<div class=\"cssgrid-footer grid-footer style-light without-bg single-gutter\">\n\t\t\t\t\t<\/div>\n\t\t\t\t<\/div>\t\t\t\t\t<div class=\"ajax-filter-footprint col-lg-2\" style=\"min-width: 300px\"><\/div>\n\t\t\t<\/div><!-- .ajax-filter-wrapper -->\n\t\t\t\t\t<\/div>\n<\/div><\/div><\/div><\/div><\/div><script id=\"script-row-unique-1\" data-row=\"script-row-unique-1\" type=\"text\/javascript\" class=\"vc_controls\">UNCODE.initRow(document.getElementById(\"row-unique-1\"));<\/script><\/div><\/div><\/div>\n<\/div>","protected":false},"excerpt":{"rendered":"Datab\u00e1ze 3D objekt\u016fPsac\u00ed st\u016fl (p\u0159ed po\u017e\u00e1rem)Form\u00e1ty: FBX &#8211; form\u00e1t pro pou\u017eit\u00ed v programech Maya, 3DsMax OBJ &#8211; Blender, Unreal, Unity [...]","protected":false},"author":1,"featured_media":0,"parent":0,"menu_order":0,"comment_status":"open","ping_status":"closed","template":"","meta":{"footnotes":""},"class_list":["post-4302","page","type-page","status-publish","hentry"],"_links":{"self":[{"href":"http:\/\/vrpropre.vsb.cz\/en\/wp-json\/wp\/v2\/pages\/4302","targetHints":{"allow":["GET"]}}],"collection":[{"href":"http:\/\/vrpropre.vsb.cz\/en\/wp-json\/wp\/v2\/pages"}],"about":[{"href":"http:\/\/vrpropre.vsb.cz\/en\/wp-json\/wp\/v2\/types\/page"}],"author":[{"embeddable":true,"href":"http:\/\/vrpropre.vsb.cz\/en\/wp-json\/wp\/v2\/users\/1"}],"replies":[{"embeddable":true,"href":"http:\/\/vrpropre.vsb.cz\/en\/wp-json\/wp\/v2\/comments?post=4302"}],"version-history":[{"count":24,"href":"http:\/\/vrpropre.vsb.cz\/en\/wp-json\/wp\/v2\/pages\/4302\/revisions"}],"predecessor-version":[{"id":132029,"href":"http:\/\/vrpropre.vsb.cz\/en\/wp-json\/wp\/v2\/pages\/4302\/revisions\/132029"}],"wp:attachment":[{"href":"http:\/\/vrpropre.vsb.cz\/en\/wp-json\/wp\/v2\/media?parent=4302"}],"curies":[{"name":"wp","href":"https:\/\/api.w.org\/{rel}","templated":true}]}}